{"id":103,"date":"2021-06-29T09:35:43","date_gmt":"2021-06-29T12:35:43","guid":{"rendered":"https:\/\/telhamar.com.br\/loja\/?post_type=product&#038;p=103"},"modified":"2021-07-15T08:34:51","modified_gmt":"2021-07-15T11:34:51","slug":"torneira-de-boia-fortlev-haste-em-aluminio","status":"publish","type":"product","link":"https:\/\/telhamar.com.br\/loja\/produto\/torneira-de-boia-fortlev-haste-em-aluminio\/","title":{"rendered":"<strong>Torneira de Boia Fortlev haste em Alum\u00ednio &#8211; 1\/2\u201de 3\/4\u201d<\/strong>"},"content":{"rendered":"","protected":false},"excerpt":{"rendered":"<p>A Torneira de Boia Fortlev faz parte da linha de Acess\u00f3rios para Caixa d\u2019\u00c1gua. \u00c9 um produto com a qualidade Fortlev e possui benef\u00edcios como sistema 2 em 1 com bitolas de 1\/2\u2033 e 3\/4\u2033 na mesma pe\u00e7a, inova\u00e7\u00e3o na tecnologia de fabrica\u00e7\u00e3o, design exclusivo, resist\u00eancia porque \u00e9 feito com materiais de alta qualidade.<\/p>\n<p>Descri\u00e7\u00f5es da imagem em anexo<br \/>\nA = 15cm<br \/>\nB = 41cm<br \/>\nEmbalagem (Lojista) 10 unidades<\/p>\n","protected":false},"featured_media":104,"template":"","meta":[],"product_brand":[],"product_cat":[25],"product_tag":[],"class_list":{"0":"post-103","1":"product","2":"type-product","3":"status-publish","4":"has-post-thumbnail","6":"product_cat-boias","8":"first","9":"instock","10":"shipping-taxable","11":"product-type-simple"},"_links":{"self":[{"href":"https:\/\/telhamar.com.br\/loja\/wp-json\/wp\/v2\/product\/103","targetHints":{"allow":["GET"]}}],"collection":[{"href":"https:\/\/telhamar.com.br\/loja\/wp-json\/wp\/v2\/product"}],"about":[{"href":"https:\/\/telhamar.com.br\/loja\/wp-json\/wp\/v2\/types\/product"}],"wp:featuredmedia":[{"embeddable":true,"href":"https:\/\/telhamar.com.br\/loja\/wp-json\/wp\/v2\/media\/104"}],"wp:attachment":[{"href":"https:\/\/telhamar.com.br\/loja\/wp-json\/wp\/v2\/media?parent=103"}],"wp:term":[{"taxonomy":"product_brand","embeddable":true,"href":"https:\/\/telhamar.com.br\/loja\/wp-json\/wp\/v2\/product_brand?post=103"},{"taxonomy":"product_cat","embeddable":true,"href":"https:\/\/telhamar.com.br\/loja\/wp-json\/wp\/v2\/product_cat?post=103"},{"taxonomy":"product_tag","embeddable":true,"href":"https:\/\/telhamar.com.br\/loja\/wp-json\/wp\/v2\/product_tag?post=103"}],"curies":[{"name":"wp","href":"https:\/\/api.w.org\/{rel}","templated":true}]}}