{"id":114,"date":"2021-07-01T11:00:36","date_gmt":"2021-07-01T14:00:36","guid":{"rendered":"https:\/\/telhamar.com.br\/loja\/?post_type=product&#038;p=114"},"modified":"2021-08-04T09:55:26","modified_gmt":"2021-08-04T12:55:26","slug":"telha-ondulada-imbralit-1100x6mm-p7-fibrocimento","status":"publish","type":"product","link":"https:\/\/telhamar.com.br\/loja\/produto\/telha-ondulada-imbralit-1100x6mm-p7-fibrocimento\/","title":{"rendered":"<strong>Telha de Fibrocimento Ondulada de 6mm<\/strong>"},"content":{"rendered":"","protected":false},"excerpt":{"rendered":"<p><img loading=\"lazy\" decoding=\"async\" src=\"https:\/\/telhamar.com.br\/loja\/wp-content\/uploads\/sites\/2\/2021\/07\/telha_p7_tec-1-6mm.jpg\" alt=\"\" width=\"800\" height=\"173\" class=\"alignnone size-full wp-image-131\" srcset=\"https:\/\/telhamar.com.br\/loja\/wp-content\/uploads\/sites\/2\/2021\/07\/telha_p7_tec-1-6mm.jpg 800w, https:\/\/telhamar.com.br\/loja\/wp-content\/uploads\/sites\/2\/2021\/07\/telha_p7_tec-1-6mm-300x65.jpg 300w, https:\/\/telhamar.com.br\/loja\/wp-content\/uploads\/sites\/2\/2021\/07\/telha_p7_tec-1-6mm-768x166.jpg 768w, https:\/\/telhamar.com.br\/loja\/wp-content\/uploads\/sites\/2\/2021\/07\/telha_p7_tec-1-6mm-416x90.jpg 416w\" sizes=\"auto, (max-width: 800px) 100vw, 800px\" \/>Compostas por uma mistura de cimento, agregados ciment\u00edcios, fios e fibras sint\u00e9ticas e vegetais, as TELHAS ONDULADAS DE FIBROCIMENTO IMBRALIT com perfil P7 e espessura nominal de 6 mm s\u00e3o fornecidas com largura de 1,10 m e comprimentos de 1,22 m a 3,66 m.<\/p>\n<p>Fabricadas em conformidade com a Norma ABNT NBR 15210 \u0096Telhas onduladas de fibrocimento e seus acess\u00f3rios, a empresa concede por um per\u00edodo de 10 anos, a partir da data de fabrica\u00e7\u00e3o, a garantia total de qualidade contra qualquer desconformidade, verificada durante ou ap\u00f3s a inspe\u00e7\u00e3o de recep\u00e7\u00e3o estabelecida nas Normas, ressalvando que a garantia n\u00e3o se estende a produtos j\u00e1 aplicados em coberturas ou fechamentos laterais cujo projeto ou instala\u00e7\u00e3o n\u00e3o esteja em conformidade com os requisitos da Norma ABNT NBR 7196 Telhas de fibrocimento &#8211; Procedimento.<\/p>\n<p>O projeto e a execu\u00e7\u00e3o de coberturas e fechamentos laterais com TELHA ONDULADA DE FIBROCIMENTO IMBRALIT &#8211; P7 x 6 mm devem observar todos os requisitos da Norma ABNT NBR 7196, com destaque para a inclina\u00e7\u00e3o m\u00ednima de 5\u00b0 (9%), recobrimentos longitudinal e transversal (transpasse) m\u00ednimos conforme a inclina\u00e7\u00e3o, aplica\u00e7\u00e3o adequada de fixa\u00e7\u00f5es, execu\u00e7\u00e3o dos cortes de canto e veda\u00e7\u00f5es adequadas nos arremates com as pe\u00e7as<\/p>\n<p>Especifica\u00e7\u00f5es T\u00e9cnicas:<\/p>\n<p>Comprimento(m):1,22<br \/>\npeso(Kg):16,3<br \/>\nComprimento(m):1,53<br \/>\npeso(Kg):20,4<br \/>\nComprimento(m):1,83<br \/>\npeso(Kg):24,4<br \/>\nComprimento(m):2,13<br \/>\npeso(Kg):28,4<br \/>\nComprimento(m):2,44<br \/>\npeso(Kg):32,5<br \/>\nComprimento(m):3,05<br \/>\npeso(Kg):40,6<br \/>\nComprimento(m):3,66<br \/>\npeso(Kg):48,8<\/p>\n<p>Caracter\u00edsticas:<\/p>\n<p>Largura total: 1,10m<br \/>\nLargura \u00fatil: 1,05m<br \/>\nEspessura:6mm<br \/>\nInclina\u00e7\u00e3o m\u00ednima: 9% (5\u00b0)<\/p>\n","protected":false},"featured_media":115,"template":"","meta":[],"product_brand":[],"product_cat":[30],"product_tag":[],"class_list":{"0":"post-114","1":"product","2":"type-product","3":"status-publish","4":"has-post-thumbnail","6":"product_cat-telhas-de-fibrocimento","8":"first","9":"instock","10":"shipping-taxable","11":"product-type-simple"},"_links":{"self":[{"href":"https:\/\/telhamar.com.br\/loja\/wp-json\/wp\/v2\/product\/114","targetHints":{"allow":["GET"]}}],"collection":[{"href":"https:\/\/telhamar.com.br\/loja\/wp-json\/wp\/v2\/product"}],"about":[{"href":"https:\/\/telhamar.com.br\/loja\/wp-json\/wp\/v2\/types\/product"}],"wp:featuredmedia":[{"embeddable":true,"href":"https:\/\/telhamar.com.br\/loja\/wp-json\/wp\/v2\/media\/115"}],"wp:attachment":[{"href":"https:\/\/telhamar.com.br\/loja\/wp-json\/wp\/v2\/media?parent=114"}],"wp:term":[{"taxonomy":"product_brand","embeddable":true,"href":"https:\/\/telhamar.com.br\/loja\/wp-json\/wp\/v2\/product_brand?post=114"},{"taxonomy":"product_cat","embeddable":true,"href":"https:\/\/telhamar.com.br\/loja\/wp-json\/wp\/v2\/product_cat?post=114"},{"taxonomy":"product_tag","embeddable":true,"href":"https:\/\/telhamar.com.br\/loja\/wp-json\/wp\/v2\/product_tag?post=114"}],"curies":[{"name":"wp","href":"https:\/\/api.w.org\/{rel}","templated":true}]}}