{"id":116,"date":"2021-07-01T11:01:40","date_gmt":"2021-07-01T14:01:40","guid":{"rendered":"https:\/\/telhamar.com.br\/loja\/?post_type=product&#038;p=116"},"modified":"2021-08-04T14:24:09","modified_gmt":"2021-08-04T17:24:09","slug":"telha-ondulada-imbralit-0500x4mm-p3-fibrocimento","status":"publish","type":"product","link":"https:\/\/telhamar.com.br\/loja\/produto\/telha-ondulada-imbralit-0500x4mm-p3-fibrocimento\/","title":{"rendered":"<strong>Telha de Fibrocimento Ondulada de 4mm<\/strong>"},"content":{"rendered":"<p><strong><\/p>\n","protected":false},"excerpt":{"rendered":"<p><img loading=\"lazy\" decoding=\"async\" src=\"https:\/\/telhamar.com.br\/loja\/wp-content\/uploads\/sites\/2\/2021\/07\/t_fibro_4mm_tec.jpg\" alt=\"\" width=\"550\" height=\"281\" class=\"alignnone size-full wp-image-128\" srcset=\"https:\/\/telhamar.com.br\/loja\/wp-content\/uploads\/sites\/2\/2021\/07\/t_fibro_4mm_tec.jpg 550w, https:\/\/telhamar.com.br\/loja\/wp-content\/uploads\/sites\/2\/2021\/07\/t_fibro_4mm_tec-300x153.jpg 300w, https:\/\/telhamar.com.br\/loja\/wp-content\/uploads\/sites\/2\/2021\/07\/t_fibro_4mm_tec-416x213.jpg 416w\" sizes=\"auto, (max-width: 550px) 100vw, 550px\" \/>Compostas por uma mistura de cimento, agregados ciment\u00edcios, fios e fibras sint\u00e9ticas e vegetais, as TELHAS ONDULADAS DE FIBROCIMENTO IMBRALIT com perfil P3 e espessura nominal de 4 mm s\u00e3o fornecidas com largura de 51 cm e comprimentos de 1,22 m a 2,44 m.<\/p>\n<p>Fabricadas em conformidade com a Norma ABNT NBR 15210 Telhas onduladas de fibrocimento e seus acess\u00f3rios, a empresa concede por um per\u00edodo de 10 anos, a partir da data de fabrica\u00e7\u00e3o, a garantia total de qualidade contra qualquer desconformidade, verificada durante ou ap\u00f3s a inspe\u00e7\u00e3o de recep\u00e7\u00e3o estabelecida nas Normas, ressalvando que a garantia n\u00e3o se estende a produtos j\u00e1 aplicados em coberturas ou fechamentos laterais cujo projeto ou instala\u00e7\u00e3o n\u00e3o esteja em conformidade com os requisitos da Norma ABNT NBR 7196 Telhas de fibrocimento &#8211; Procedimento.<\/p>\n<p>O projeto e a execu\u00e7\u00e3o de coberturas e fechamentos laterais com TELHA ONDULADA DE FIBROCIMENTO IMBRALIT &#8211; P3 x 4 mm devem observar todos os requisitos da Norma ABNT NBR 7196, com destaque para a inclina\u00e7\u00e3o m\u00ednima de 15\u00b0 (27%), recobrimentos longitudinal e transversal (transpasse) m\u00ednimos conforme a inclina\u00e7\u00e3o, aplica\u00e7\u00e3o adequada de fixa\u00e7\u00f5es e veda\u00e7\u00f5es adequadas nos arremates com as pe\u00e7as complementares ou com a edifica\u00e7\u00e3o.<\/p>\n<p>Especifica\u00e7\u00f5es t\u00e9cnicas:<\/p>\n<p>Comprimento (m) 1,22<br \/>\nPeso (Kg) 4,5<br \/>\nComprimento (m) 1,53<br \/>\nPeso (Kg) 5,6<br \/>\nComprimento (m) 1,83<br \/>\nPeso (Kg) 6,8<br \/>\nComprimento (m) 2,13<br \/>\nPeso (Kg) 7,9<br \/>\nComprimento (m) 2,44<br \/>\nPeso (Kg) 9,0<\/p>\n<p>Caracter\u00edsticas:<\/p>\n<p>Largura total: 0,50m<br \/>\nLargura \u00fatil:0,45m<br \/>\nEspessura:4mm<br \/>\nV\u00e3o livre m\u00e1xmimo: Telha de 1,22m = 1,08m<br \/>\ntelhas de 2,13m e 2,44m = 1,15m<br \/>\nInclina\u00e7\u00e3o minima: 27% (15\u00ba)<br \/>\nBalan\u00e7o m\u00e1ximo: 0,14m<br \/>\nRecobrimento Longitudinal: 0,14m<\/p>\n","protected":false},"featured_media":117,"template":"","meta":[],"product_brand":[],"product_cat":[30],"product_tag":[],"class_list":{"0":"post-116","1":"product","2":"type-product","3":"status-publish","4":"has-post-thumbnail","6":"product_cat-telhas-de-fibrocimento","8":"first","9":"instock","10":"shipping-taxable","11":"product-type-simple"},"_links":{"self":[{"href":"https:\/\/telhamar.com.br\/loja\/wp-json\/wp\/v2\/product\/116","targetHints":{"allow":["GET"]}}],"collection":[{"href":"https:\/\/telhamar.com.br\/loja\/wp-json\/wp\/v2\/product"}],"about":[{"href":"https:\/\/telhamar.com.br\/loja\/wp-json\/wp\/v2\/types\/product"}],"wp:featuredmedia":[{"embeddable":true,"href":"https:\/\/telhamar.com.br\/loja\/wp-json\/wp\/v2\/media\/117"}],"wp:attachment":[{"href":"https:\/\/telhamar.com.br\/loja\/wp-json\/wp\/v2\/media?parent=116"}],"wp:term":[{"taxonomy":"product_brand","embeddable":true,"href":"https:\/\/telhamar.com.br\/loja\/wp-json\/wp\/v2\/product_brand?post=116"},{"taxonomy":"product_cat","embeddable":true,"href":"https:\/\/telhamar.com.br\/loja\/wp-json\/wp\/v2\/product_cat?post=116"},{"taxonomy":"product_tag","embeddable":true,"href":"https:\/\/telhamar.com.br\/loja\/wp-json\/wp\/v2\/product_tag?post=116"}],"curies":[{"name":"wp","href":"https:\/\/api.w.org\/{rel}","templated":true}]}}