{"id":118,"date":"2021-07-01T11:04:41","date_gmt":"2021-07-01T14:04:41","guid":{"rendered":"https:\/\/telhamar.com.br\/loja\/?post_type=product&#038;p=118"},"modified":"2021-07-15T09:02:48","modified_gmt":"2021-07-15T12:02:48","slug":"parafuso-telheiro-galvanizado-a-fogo-imbralit","status":"publish","type":"product","link":"https:\/\/telhamar.com.br\/loja\/produto\/parafuso-telheiro-galvanizado-a-fogo-imbralit\/","title":{"rendered":"<strong>Parafuso Telheiro Galvanizado a Fogo Imbralit &#8211;  &#8211; 5\/16 110 mm &#8211; c\/100 unid<\/strong>"},"content":{"rendered":"","protected":false},"excerpt":{"rendered":"<p><img loading=\"lazy\" decoding=\"async\" src=\"https:\/\/telhamar.com.br\/loja\/wp-content\/uploads\/sites\/2\/2021\/07\/parafuso-telheiro-imbralit-516-26-41.jpg\" alt=\"\" width=\"530\" height=\"219\" class=\"alignnone size-full wp-image-136\" srcset=\"https:\/\/telhamar.com.br\/loja\/wp-content\/uploads\/sites\/2\/2021\/07\/parafuso-telheiro-imbralit-516-26-41.jpg 530w, https:\/\/telhamar.com.br\/loja\/wp-content\/uploads\/sites\/2\/2021\/07\/parafuso-telheiro-imbralit-516-26-41-300x124.jpg 300w, https:\/\/telhamar.com.br\/loja\/wp-content\/uploads\/sites\/2\/2021\/07\/parafuso-telheiro-imbralit-516-26-41-416x172.jpg 416w\" sizes=\"auto, (max-width: 530px) 100vw, 530px\" \/>Fixa\u00e7\u00e3o de telhas de 5\/6\/8mm sobre ter\u00e7as de madeira.<\/p>\n<p>Especifica\u00e7\u00f5es t\u00e9cnicas:<br \/>\nParafuso &#8211; 110mm<\/p>\n","protected":false},"featured_media":119,"template":"","meta":[],"product_brand":[],"product_cat":[26],"product_tag":[],"class_list":{"0":"post-118","1":"product","2":"type-product","3":"status-publish","4":"has-post-thumbnail","6":"product_cat-parafusos","8":"first","9":"instock","10":"shipping-taxable","11":"product-type-simple"},"_links":{"self":[{"href":"https:\/\/telhamar.com.br\/loja\/wp-json\/wp\/v2\/product\/118","targetHints":{"allow":["GET"]}}],"collection":[{"href":"https:\/\/telhamar.com.br\/loja\/wp-json\/wp\/v2\/product"}],"about":[{"href":"https:\/\/telhamar.com.br\/loja\/wp-json\/wp\/v2\/types\/product"}],"wp:featuredmedia":[{"embeddable":true,"href":"https:\/\/telhamar.com.br\/loja\/wp-json\/wp\/v2\/media\/119"}],"wp:attachment":[{"href":"https:\/\/telhamar.com.br\/loja\/wp-json\/wp\/v2\/media?parent=118"}],"wp:term":[{"taxonomy":"product_brand","embeddable":true,"href":"https:\/\/telhamar.com.br\/loja\/wp-json\/wp\/v2\/product_brand?post=118"},{"taxonomy":"product_cat","embeddable":true,"href":"https:\/\/telhamar.com.br\/loja\/wp-json\/wp\/v2\/product_cat?post=118"},{"taxonomy":"product_tag","embeddable":true,"href":"https:\/\/telhamar.com.br\/loja\/wp-json\/wp\/v2\/product_tag?post=118"}],"curies":[{"name":"wp","href":"https:\/\/api.w.org\/{rel}","templated":true}]}}