{"id":122,"date":"2021-07-01T11:19:55","date_gmt":"2021-07-01T14:19:55","guid":{"rendered":"https:\/\/telhamar.com.br\/loja\/?post_type=product&#038;p=122"},"modified":"2021-07-15T09:08:43","modified_gmt":"2021-07-15T12:08:43","slug":"eletrodutos-corrugado-32mm","status":"publish","type":"product","link":"https:\/\/telhamar.com.br\/loja\/produto\/eletrodutos-corrugado-32mm\/","title":{"rendered":"<strong>Eletrodutos corrugado 32mm<\/strong>"},"content":{"rendered":"","protected":false},"excerpt":{"rendered":"<p>Muito mais seguran\u00e7a. Os Eletrodutos Corrugados Fortlev s\u00e3o fabricados em PVC, com propriedades antichama, seguem os rigorosos padr\u00f5es de qualidade exigidos pela norma ABNT NBR 15465 para prote\u00e7\u00e3o mec\u00e2nica das instala\u00e7\u00f5es el\u00e9tricas prediais, de acordo com as recomenda\u00e7\u00f5es de instala\u00e7\u00e3o da norma ABNT NBR 5410 \u2013 instala\u00e7\u00f5es el\u00e9tricas de baixa tens\u00e3o. Com op\u00e7\u00f5es de di\u00e2metros externos de 20, 25 e 32mm, s\u00e3o oferecidos na cor amarela, possuem resist\u00eancia diametral de carga at\u00e9 320N\/5cm e s\u00e3o recomendados para aplica\u00e7\u00e3o nas paredes. A instala\u00e7\u00e3o das pe\u00e7as \u00e9 realizada atrav\u00e9s de simples encaixe por press\u00e3o do eletroduto nas entradas das caixas de luz ou demais conex\u00f5es.<img loading=\"lazy\" decoding=\"async\" src=\"https:\/\/telhamar.com.br\/loja\/wp-content\/uploads\/sites\/2\/2021\/07\/medidas-tecnicas-eletroduto-corrugado-400x219-1.png\" alt=\"\" width=\"400\" height=\"219\" class=\"alignnone size-full wp-image-139\" srcset=\"https:\/\/telhamar.com.br\/loja\/wp-content\/uploads\/sites\/2\/2021\/07\/medidas-tecnicas-eletroduto-corrugado-400x219-1.png 400w, https:\/\/telhamar.com.br\/loja\/wp-content\/uploads\/sites\/2\/2021\/07\/medidas-tecnicas-eletroduto-corrugado-400x219-1-300x164.png 300w\" sizes=\"auto, (max-width: 400px) 100vw, 400px\" \/><\/p>\n<p>Especifica\u00e7\u00f5es t\u00e9cnicas:<br \/>\nComprimento = 25m<br \/>\nDI = 25mm<\/p>\n","protected":false},"featured_media":123,"template":"","meta":[],"product_brand":[],"product_cat":[24],"product_tag":[],"class_list":{"0":"post-122","1":"product","2":"type-product","3":"status-publish","4":"has-post-thumbnail","6":"product_cat-eletrodutos","8":"first","9":"instock","10":"shipping-taxable","11":"product-type-simple"},"_links":{"self":[{"href":"https:\/\/telhamar.com.br\/loja\/wp-json\/wp\/v2\/product\/122","targetHints":{"allow":["GET"]}}],"collection":[{"href":"https:\/\/telhamar.com.br\/loja\/wp-json\/wp\/v2\/product"}],"about":[{"href":"https:\/\/telhamar.com.br\/loja\/wp-json\/wp\/v2\/types\/product"}],"wp:featuredmedia":[{"embeddable":true,"href":"https:\/\/telhamar.com.br\/loja\/wp-json\/wp\/v2\/media\/123"}],"wp:attachment":[{"href":"https:\/\/telhamar.com.br\/loja\/wp-json\/wp\/v2\/media?parent=122"}],"wp:term":[{"taxonomy":"product_brand","embeddable":true,"href":"https:\/\/telhamar.com.br\/loja\/wp-json\/wp\/v2\/product_brand?post=122"},{"taxonomy":"product_cat","embeddable":true,"href":"https:\/\/telhamar.com.br\/loja\/wp-json\/wp\/v2\/product_cat?post=122"},{"taxonomy":"product_tag","embeddable":true,"href":"https:\/\/telhamar.com.br\/loja\/wp-json\/wp\/v2\/product_tag?post=122"}],"curies":[{"name":"wp","href":"https:\/\/api.w.org\/{rel}","templated":true}]}}