{"id":144,"date":"2021-07-15T09:24:24","date_gmt":"2021-07-15T12:24:24","guid":{"rendered":"https:\/\/telhamar.com.br\/loja\/?post_type=product&#038;p=144"},"modified":"2021-07-21T13:54:52","modified_gmt":"2021-07-21T16:54:52","slug":"cumeeira-normal-1100x6mm-p7-fibrocimento","status":"publish","type":"product","link":"https:\/\/telhamar.com.br\/loja\/produto\/cumeeira-normal-1100x6mm-p7-fibrocimento\/","title":{"rendered":"<strong>Cumeeira Normal 1100x6mm P7-Fibrocimento<\/strong>"},"content":{"rendered":"","protected":false},"excerpt":{"rendered":"<p>Para o arremate entre duas \u00e1guas, em coberturas com inclina\u00e7\u00e3o de 5\u00ba a 30\u00ba.<\/p>\n<p>Especifica\u00e7\u00f5es T\u00e9cnicas:<br \/>\n5\u00ba Graus<br \/>\n10\u00ba Graus<br \/>\n15\u00ba Graus<br \/>\n25\u00ba Graus<br \/>\n30\u00ba Graus<br \/>\nEspessura: 6mm<br \/>\nPeso: 8,1<\/p>\n<p><img loading=\"lazy\" decoding=\"async\" src=\"https:\/\/telhamar.com.br\/loja\/wp-content\/uploads\/sites\/2\/2021\/07\/cumeeira-normal-imbralit-p7-de-6mm-9-12.jpg\" alt=\"\" width=\"550\" height=\"357\" class=\"alignnone size-full wp-image-145\" srcset=\"https:\/\/telhamar.com.br\/loja\/wp-content\/uploads\/sites\/2\/2021\/07\/cumeeira-normal-imbralit-p7-de-6mm-9-12.jpg 550w, https:\/\/telhamar.com.br\/loja\/wp-content\/uploads\/sites\/2\/2021\/07\/cumeeira-normal-imbralit-p7-de-6mm-9-12-300x195.jpg 300w, https:\/\/telhamar.com.br\/loja\/wp-content\/uploads\/sites\/2\/2021\/07\/cumeeira-normal-imbralit-p7-de-6mm-9-12-416x270.jpg 416w\" sizes=\"auto, (max-width: 550px) 100vw, 550px\" \/><\/p>\n","protected":false},"featured_media":146,"template":"","meta":[],"product_brand":[],"product_cat":[28],"product_tag":[],"class_list":{"0":"post-144","1":"product","2":"type-product","3":"status-publish","4":"has-post-thumbnail","6":"product_cat-cumeeiras","8":"first","9":"instock","10":"shipping-taxable","11":"product-type-simple"},"_links":{"self":[{"href":"https:\/\/telhamar.com.br\/loja\/wp-json\/wp\/v2\/product\/144","targetHints":{"allow":["GET"]}}],"collection":[{"href":"https:\/\/telhamar.com.br\/loja\/wp-json\/wp\/v2\/product"}],"about":[{"href":"https:\/\/telhamar.com.br\/loja\/wp-json\/wp\/v2\/types\/product"}],"wp:featuredmedia":[{"embeddable":true,"href":"https:\/\/telhamar.com.br\/loja\/wp-json\/wp\/v2\/media\/146"}],"wp:attachment":[{"href":"https:\/\/telhamar.com.br\/loja\/wp-json\/wp\/v2\/media?parent=144"}],"wp:term":[{"taxonomy":"product_brand","embeddable":true,"href":"https:\/\/telhamar.com.br\/loja\/wp-json\/wp\/v2\/product_brand?post=144"},{"taxonomy":"product_cat","embeddable":true,"href":"https:\/\/telhamar.com.br\/loja\/wp-json\/wp\/v2\/product_cat?post=144"},{"taxonomy":"product_tag","embeddable":true,"href":"https:\/\/telhamar.com.br\/loja\/wp-json\/wp\/v2\/product_tag?post=144"}],"curies":[{"name":"wp","href":"https:\/\/api.w.org\/{rel}","templated":true}]}}