{"id":151,"date":"2021-07-23T16:56:02","date_gmt":"2021-07-23T19:56:02","guid":{"rendered":"https:\/\/telhamar.com.br\/loja\/?post_type=product&#038;p=151"},"modified":"2021-09-30T15:28:10","modified_gmt":"2021-09-30T18:28:10","slug":"cumeeira-articulada-imbralit-0500x4mm-p3-fibrocimento","status":"publish","type":"product","link":"https:\/\/telhamar.com.br\/loja\/produto\/cumeeira-articulada-imbralit-0500x4mm-p3-fibrocimento\/","title":{"rendered":"<strong>Cumeeira Articulada Imbralit 110x50cm 4mm<\/strong>"},"content":{"rendered":"","protected":false},"excerpt":{"rendered":"<p>Para o arremate entre duas \u00e1guas, em coberturas com inclina\u00e7\u00e3o de 10\u00ba a 30\u00ba.<\/p>\n<p>Especifica\u00e7\u00f5es t\u00e9cnicas:<br \/>\nEspessura : 4mm<br \/>\nPeso: 1,3kg<\/p>\n<p><img loading=\"lazy\" decoding=\"async\" src=\"https:\/\/telhamar.com.br\/loja\/wp-content\/uploads\/sites\/2\/2021\/07\/cumeeira-articulada-p3-de-4mm-6-8.jpg\" alt=\"\" width=\"550\" height=\"385\" class=\"alignnone size-full wp-image-153\" srcset=\"https:\/\/telhamar.com.br\/loja\/wp-content\/uploads\/sites\/2\/2021\/07\/cumeeira-articulada-p3-de-4mm-6-8.jpg 550w, https:\/\/telhamar.com.br\/loja\/wp-content\/uploads\/sites\/2\/2021\/07\/cumeeira-articulada-p3-de-4mm-6-8-300x210.jpg 300w, https:\/\/telhamar.com.br\/loja\/wp-content\/uploads\/sites\/2\/2021\/07\/cumeeira-articulada-p3-de-4mm-6-8-416x291.jpg 416w\" sizes=\"auto, (max-width: 550px) 100vw, 550px\" \/><\/p>\n","protected":false},"featured_media":271,"template":"","meta":[],"product_brand":[],"product_cat":[28],"product_tag":[],"class_list":{"0":"post-151","1":"product","2":"type-product","3":"status-publish","4":"has-post-thumbnail","6":"product_cat-cumeeiras","8":"first","9":"instock","10":"shipping-taxable","11":"product-type-simple"},"_links":{"self":[{"href":"https:\/\/telhamar.com.br\/loja\/wp-json\/wp\/v2\/product\/151","targetHints":{"allow":["GET"]}}],"collection":[{"href":"https:\/\/telhamar.com.br\/loja\/wp-json\/wp\/v2\/product"}],"about":[{"href":"https:\/\/telhamar.com.br\/loja\/wp-json\/wp\/v2\/types\/product"}],"wp:featuredmedia":[{"embeddable":true,"href":"https:\/\/telhamar.com.br\/loja\/wp-json\/wp\/v2\/media\/271"}],"wp:attachment":[{"href":"https:\/\/telhamar.com.br\/loja\/wp-json\/wp\/v2\/media?parent=151"}],"wp:term":[{"taxonomy":"product_brand","embeddable":true,"href":"https:\/\/telhamar.com.br\/loja\/wp-json\/wp\/v2\/product_brand?post=151"},{"taxonomy":"product_cat","embeddable":true,"href":"https:\/\/telhamar.com.br\/loja\/wp-json\/wp\/v2\/product_cat?post=151"},{"taxonomy":"product_tag","embeddable":true,"href":"https:\/\/telhamar.com.br\/loja\/wp-json\/wp\/v2\/product_tag?post=151"}],"curies":[{"name":"wp","href":"https:\/\/api.w.org\/{rel}","templated":true}]}}