{"id":175,"date":"2021-07-30T09:57:17","date_gmt":"2021-07-30T12:57:17","guid":{"rendered":"https:\/\/telhamar.com.br\/loja\/?post_type=product&#038;p=175"},"modified":"2021-07-30T09:57:17","modified_gmt":"2021-07-30T12:57:17","slug":"tanque-de-polietileno-fortlev-2-500l","status":"publish","type":"product","link":"https:\/\/telhamar.com.br\/loja\/produto\/tanque-de-polietileno-fortlev-2-500l\/","title":{"rendered":"<strong>Tanque de Polietileno &#8211; Fortlev 2.500L<\/strong>"},"content":{"rendered":"","protected":false},"excerpt":{"rendered":"<p>Com fechamento r\u00e1pido e seguro, o Tanque Fortlev possui tampa de 1\/4 de volta e veda\u00e7\u00e3o total, que impede a entrada de sujeira, de insetos e garante ainda mais a conserva\u00e7\u00e3o da \u00e1gua. Dispon\u00edveis em volumes at\u00e9 20.000 litros, os Tanques Fortlev v\u00eam com adaptador flange instalado na sa\u00edda (at\u00e9 3.000 L: 50 mm x 1.1\/2\u2033 e de 5.000 L \u00e0 20.000 L: 60 mm x 2\u2033), o que facilita a instala\u00e7\u00e3o do produto.<\/p>\n<p><img loading=\"lazy\" decoding=\"async\" src=\"https:\/\/telhamar.com.br\/loja\/wp-content\/uploads\/sites\/2\/2021\/07\/2500l.png\" alt=\"\" width=\"434\" height=\"549\" class=\"alignnone size-full wp-image-176\" srcset=\"https:\/\/telhamar.com.br\/loja\/wp-content\/uploads\/sites\/2\/2021\/07\/2500l.png 434w, https:\/\/telhamar.com.br\/loja\/wp-content\/uploads\/sites\/2\/2021\/07\/2500l-237x300.png 237w, https:\/\/telhamar.com.br\/loja\/wp-content\/uploads\/sites\/2\/2021\/07\/2500l-416x526.png 416w\" sizes=\"auto, (max-width: 434px) 100vw, 434px\" \/><\/p>\n","protected":false},"featured_media":177,"template":"","meta":[],"product_brand":[],"product_cat":[29],"product_tag":[],"class_list":{"0":"post-175","1":"product","2":"type-product","3":"status-publish","4":"has-post-thumbnail","6":"product_cat-tanques","8":"first","9":"instock","10":"shipping-taxable","11":"product-type-simple"},"_links":{"self":[{"href":"https:\/\/telhamar.com.br\/loja\/wp-json\/wp\/v2\/product\/175","targetHints":{"allow":["GET"]}}],"collection":[{"href":"https:\/\/telhamar.com.br\/loja\/wp-json\/wp\/v2\/product"}],"about":[{"href":"https:\/\/telhamar.com.br\/loja\/wp-json\/wp\/v2\/types\/product"}],"wp:featuredmedia":[{"embeddable":true,"href":"https:\/\/telhamar.com.br\/loja\/wp-json\/wp\/v2\/media\/177"}],"wp:attachment":[{"href":"https:\/\/telhamar.com.br\/loja\/wp-json\/wp\/v2\/media?parent=175"}],"wp:term":[{"taxonomy":"product_brand","embeddable":true,"href":"https:\/\/telhamar.com.br\/loja\/wp-json\/wp\/v2\/product_brand?post=175"},{"taxonomy":"product_cat","embeddable":true,"href":"https:\/\/telhamar.com.br\/loja\/wp-json\/wp\/v2\/product_cat?post=175"},{"taxonomy":"product_tag","embeddable":true,"href":"https:\/\/telhamar.com.br\/loja\/wp-json\/wp\/v2\/product_tag?post=175"}],"curies":[{"name":"wp","href":"https:\/\/api.w.org\/{rel}","templated":true}]}}