{"id":224,"date":"2021-07-30T11:24:20","date_gmt":"2021-07-30T14:24:20","guid":{"rendered":"https:\/\/telhamar.com.br\/loja\/?post_type=product&#038;p=224"},"modified":"2021-07-30T11:24:20","modified_gmt":"2021-07-30T14:24:20","slug":"caixa-dagua-de-polietileno-fortlev-3-000l","status":"publish","type":"product","link":"https:\/\/telhamar.com.br\/loja\/produto\/caixa-dagua-de-polietileno-fortlev-3-000l\/","title":{"rendered":"<strong>Caixa d\u2019\u00c1gua de Polietileno &#8211; Fortlev 3.000L<\/strong>"},"content":{"rendered":"","protected":false},"excerpt":{"rendered":"<p>Muito mais pr\u00e1ticas e dur\u00e1veis, as Caixas d\u00b4\u00e1gua de polietileno Fortlev possuem superf\u00edcies internas lisas que facilitam a limpeza. Possui sistema exclusivo de encaixe das tampas, que garante mais veda\u00e7\u00e3o e conserva\u00e7\u00e3o da \u00e1gua. Resist\u00eancia, flexibilidade, seguran\u00e7a, praticidade, sustentabilidade e tecnologia resume o reservat\u00f3rio. Um produto que \u00e9 mais forte porque \u00e9 feito sem emendas e com mat\u00e9ria-prima 100% virgem. Suporta varia\u00e7\u00f5es clim\u00e1ticas e respeita todas as normas de fabrica\u00e7\u00e3o exigidas pelo mercado.Muito mais pr\u00e1ticas e dur\u00e1veis, as Caixas d\u00b4\u00e1gua de polietileno Fortlev possuem superf\u00edcies internas lisas que facilitam a limpeza. Possui sistema exclusivo de encaixe das tampas, que garante mais veda\u00e7\u00e3o e conserva\u00e7\u00e3o da \u00e1gua. Resist\u00eancia, flexibilidade, seguran\u00e7a, praticidade, sustentabilidade e tecnologia resume o reservat\u00f3rio. Um produto que \u00e9 mais forte porque \u00e9 feito sem emendas e com mat\u00e9ria-prima 100% virgem. Suporta varia\u00e7\u00f5es clim\u00e1ticas e respeita todas as normas de fabrica\u00e7\u00e3o exigidas pelo mercado.<\/p>\n<p><img loading=\"lazy\" decoding=\"async\" src=\"https:\/\/telhamar.com.br\/loja\/wp-content\/uploads\/sites\/2\/2021\/07\/3000l-1.png\" alt=\"\" width=\"434\" height=\"549\" class=\"alignnone size-full wp-image-227\" srcset=\"https:\/\/telhamar.com.br\/loja\/wp-content\/uploads\/sites\/2\/2021\/07\/3000l-1.png 434w, https:\/\/telhamar.com.br\/loja\/wp-content\/uploads\/sites\/2\/2021\/07\/3000l-1-237x300.png 237w, https:\/\/telhamar.com.br\/loja\/wp-content\/uploads\/sites\/2\/2021\/07\/3000l-1-416x526.png 416w\" sizes=\"auto, (max-width: 434px) 100vw, 434px\" \/><\/p>\n","protected":false},"featured_media":225,"template":"","meta":[],"product_brand":[],"product_cat":[19],"product_tag":[],"class_list":{"0":"post-224","1":"product","2":"type-product","3":"status-publish","4":"has-post-thumbnail","6":"product_cat-caixa-dagua","8":"first","9":"instock","10":"shipping-taxable","11":"product-type-simple"},"_links":{"self":[{"href":"https:\/\/telhamar.com.br\/loja\/wp-json\/wp\/v2\/product\/224","targetHints":{"allow":["GET"]}}],"collection":[{"href":"https:\/\/telhamar.com.br\/loja\/wp-json\/wp\/v2\/product"}],"about":[{"href":"https:\/\/telhamar.com.br\/loja\/wp-json\/wp\/v2\/types\/product"}],"wp:featuredmedia":[{"embeddable":true,"href":"https:\/\/telhamar.com.br\/loja\/wp-json\/wp\/v2\/media\/225"}],"wp:attachment":[{"href":"https:\/\/telhamar.com.br\/loja\/wp-json\/wp\/v2\/media?parent=224"}],"wp:term":[{"taxonomy":"product_brand","embeddable":true,"href":"https:\/\/telhamar.com.br\/loja\/wp-json\/wp\/v2\/product_brand?post=224"},{"taxonomy":"product_cat","embeddable":true,"href":"https:\/\/telhamar.com.br\/loja\/wp-json\/wp\/v2\/product_cat?post=224"},{"taxonomy":"product_tag","embeddable":true,"href":"https:\/\/telhamar.com.br\/loja\/wp-json\/wp\/v2\/product_tag?post=224"}],"curies":[{"name":"wp","href":"https:\/\/api.w.org\/{rel}","templated":true}]}}