{"id":265,"date":"2021-09-20T15:46:13","date_gmt":"2021-09-20T18:46:13","guid":{"rendered":"https:\/\/telhamar.com.br\/loja\/?post_type=product&#038;p=265"},"modified":"2021-09-20T15:46:13","modified_gmt":"2021-09-20T18:46:13","slug":"caixa-dagua-plastica-imbralit-2000l","status":"publish","type":"product","link":"https:\/\/telhamar.com.br\/loja\/produto\/caixa-dagua-plastica-imbralit-2000l\/","title":{"rendered":"<strong>Caixa D&#8217;\u00e1gua Pl\u00e1stica Imbralit &#8211; 2000L <\/strong>"},"content":{"rendered":"","protected":false},"excerpt":{"rendered":"<p>Fabricada em polietileno. Empilh\u00e1vel e econ\u00f4mica para transportar e armazenar. Leve e pr\u00e1tica para instalar e limpar. Forte e resistente \u00e0s intemp\u00e9ries e aos raios solares. A pigmenta\u00e7\u00e3o proporciona total prote\u00e7\u00e3o contra a prolifera\u00e7\u00e3o precoce de algas e fungos em seu interior.<img loading=\"lazy\" decoding=\"async\" src=\"https:\/\/telhamar.com.br\/loja\/wp-content\/uploads\/sites\/2\/2021\/09\/Sem-Titulo-1.png\" alt=\"\" width=\"955\" height=\"339\" class=\"alignnone size-full wp-image-268\" srcset=\"https:\/\/telhamar.com.br\/loja\/wp-content\/uploads\/sites\/2\/2021\/09\/Sem-Titulo-1.png 955w, https:\/\/telhamar.com.br\/loja\/wp-content\/uploads\/sites\/2\/2021\/09\/Sem-Titulo-1-300x106.png 300w, https:\/\/telhamar.com.br\/loja\/wp-content\/uploads\/sites\/2\/2021\/09\/Sem-Titulo-1-768x273.png 768w, https:\/\/telhamar.com.br\/loja\/wp-content\/uploads\/sites\/2\/2021\/09\/Sem-Titulo-1-416x148.png 416w\" sizes=\"auto, (max-width: 955px) 100vw, 955px\" \/><\/p>\n","protected":false},"featured_media":266,"template":"","meta":[],"product_brand":[],"product_cat":[19],"product_tag":[],"class_list":{"0":"post-265","1":"product","2":"type-product","3":"status-publish","4":"has-post-thumbnail","6":"product_cat-caixa-dagua","8":"first","9":"instock","10":"shipping-taxable","11":"product-type-simple"},"_links":{"self":[{"href":"https:\/\/telhamar.com.br\/loja\/wp-json\/wp\/v2\/product\/265","targetHints":{"allow":["GET"]}}],"collection":[{"href":"https:\/\/telhamar.com.br\/loja\/wp-json\/wp\/v2\/product"}],"about":[{"href":"https:\/\/telhamar.com.br\/loja\/wp-json\/wp\/v2\/types\/product"}],"wp:featuredmedia":[{"embeddable":true,"href":"https:\/\/telhamar.com.br\/loja\/wp-json\/wp\/v2\/media\/266"}],"wp:attachment":[{"href":"https:\/\/telhamar.com.br\/loja\/wp-json\/wp\/v2\/media?parent=265"}],"wp:term":[{"taxonomy":"product_brand","embeddable":true,"href":"https:\/\/telhamar.com.br\/loja\/wp-json\/wp\/v2\/product_brand?post=265"},{"taxonomy":"product_cat","embeddable":true,"href":"https:\/\/telhamar.com.br\/loja\/wp-json\/wp\/v2\/product_cat?post=265"},{"taxonomy":"product_tag","embeddable":true,"href":"https:\/\/telhamar.com.br\/loja\/wp-json\/wp\/v2\/product_tag?post=265"}],"curies":[{"name":"wp","href":"https:\/\/api.w.org\/{rel}","templated":true}]}}